{"id":15,"date":"2021-11-20T13:09:31","date_gmt":"2021-11-20T12:09:31","guid":{"rendered":"http:\/\/wpjb.chamrai.fr\/?page_id=15"},"modified":"2022-07-16T19:29:09","modified_gmt":"2022-07-16T17:29:09","slug":"nos-tarifs","status":"publish","type":"page","link":"https:\/\/www.sval.fr\/index.php\/nos-tarifs\/","title":{"rendered":"Nos tarifs"},"content":{"rendered":"\n<div class=\"wp-container-9 wp-block-columns\">\n<div class=\"wp-container-2 wp-block-column\">\n<h1 class=\"has-text-align-center has-large-font-size\">29 \u20ac HT \/ mois<\/h1>\n\n\n\n<p class=\"has-text-align-center\">Avec un engagement de 2 ans<\/p>\n\n\n\n<p>Cr\u00e9ation du site internet<br>H\u00e9bergement<br>Nom de domaine<br>Mises \u00e0 jour<\/p>\n\n\n\n<div class=\"wp-container-1 is-content-justification-center wp-block-buttons\">\n<div class=\"wp-block-button has-custom-width wp-block-button__width-75 has-custom-font-size has-medium-font-size\"><a class=\"wp-block-button__link has-background\" href=\"https:\/\/www.sval.fr\/index.php\/contactez-nous\/\" style=\"border-radius:35px;background-color:#78d63a\">Souscrire<\/a><\/div>\n<\/div>\n<\/div>\n\n\n\n<div class=\"wp-container-4 wp-block-column\">\n<h1 class=\"has-text-align-center has-large-font-size\">39 \u20ac HT \/ mois<\/h1>\n\n\n\n<p class=\"has-text-align-center\">Avec un engagement d&rsquo;un an<\/p>\n\n\n\n<p>Cr\u00e9ation du site internet<br>H\u00e9bergement<br>Nom de domaine<br>Mises \u00e0 jour<\/p>\n\n\n\n<div class=\"wp-container-3 is-content-justification-center wp-block-buttons\">\n<div class=\"wp-block-button has-custom-width wp-block-button__width-75 has-custom-font-size has-medium-font-size\"><a class=\"wp-block-button__link has-background\" href=\"https:\/\/www.sval.fr\/index.php\/contactez-nous\/\" style=\"border-radius:35px;background-color:#78d63a\">Souscrire<\/a><\/div>\n<\/div>\n<\/div>\n\n\n\n<div class=\"wp-container-6 wp-block-column\">\n<h1 class=\"has-text-align-center has-large-font-size\">49 \u20ac HT \/ mois<\/h1>\n\n\n\n<p class=\"has-text-align-center\">Sans engagement<\/p>\n\n\n\n<p>Cr\u00e9ation du site internet<br>H\u00e9bergement<br>Nom de domaine<br>Mises \u00e0 jour<br>Notre expertise pour booster votre activit\u00e9<\/p>\n\n\n\n<div class=\"wp-container-5 is-content-justification-center wp-block-buttons\">\n<div class=\"wp-block-button has-custom-width wp-block-button__width-75 has-custom-font-size has-medium-font-size\"><a class=\"wp-block-button__link has-background\" href=\"https:\/\/www.sval.fr\/index.php\/contactez-nous\/\" style=\"border-radius:35px;background-color:#78d63a\">Souscrire<\/a><\/div>\n<\/div>\n<\/div>\n\n\n\n<div class=\"wp-container-8 wp-block-column\">\n<h1 class=\"has-text-align-center has-large-font-size\">Sur devis<\/h1>\n\n\n\n<p class=\"has-text-align-center\">Dur\u00e9e personnalisable<\/p>\n\n\n\n<p class=\"has-text-align-center\">Vous avez un besoin particulier ? N&rsquo;h\u00e9sitez pas \u00e0 nous contacter pour tous projets de site web, nous \u00e9tudierons vos besoins et vous proposerons un devis adapt\u00e9 !<\/p>\n\n\n\n<div class=\"wp-container-7 is-content-justification-center wp-block-buttons\">\n<div class=\"wp-block-button has-custom-width wp-block-button__width-75 has-custom-font-size has-medium-font-size\"><a class=\"wp-block-button__link has-background\" href=\"https:\/\/www.sval.fr\/index.php\/contactez-nous\/\" style=\"border-radius:35px;background-color:#78d63a\">Souscrire<\/a><\/div>\n<\/div>\n<\/div>\n<\/div>\n\n\n\n<p><\/p>\n","protected":false},"excerpt":{"rendered":"<p>29 \u20ac HT \/ mois Avec un engagement de 2 ans Cr\u00e9ation du site internetH\u00e9bergementNom de domaineMises \u00e0 jour 39 \u20ac HT \/ mois Avec un engagement d&rsquo;un an Cr\u00e9ation du site internetH\u00e9bergementNom de domaineMises \u00e0 jour 49 \u20ac HT \/ mois Sans engagement Cr\u00e9ation du site internetH\u00e9bergementNom de domaineMises \u00e0 jourNotre expertise pour booster&hellip;&nbsp;<a href=\"https:\/\/www.sval.fr\/index.php\/nos-tarifs\/\" class=\"\" rel=\"bookmark\">Lire la suite &raquo;<span class=\"screen-reader-text\">Nos tarifs<\/span><\/a><\/p>\n","protected":false},"author":1,"featured_media":0,"parent":0,"menu_order":0,"comment_status":"closed","ping_status":"closed","template":"","meta":{"neve_meta_sidebar":"","neve_meta_container":"default","neve_meta_enable_content_width":"","neve_meta_content_width":0,"neve_meta_title_alignment":"center","neve_meta_author_avatar":"","neve_post_elements_order":"","neve_meta_disable_header":"","neve_meta_disable_footer":"","neve_meta_disable_title":""},"_links":{"self":[{"href":"https:\/\/www.sval.fr\/index.php\/wp-json\/wp\/v2\/pages\/15"}],"collection":[{"href":"https:\/\/www.sval.fr\/index.php\/wp-json\/wp\/v2\/pages"}],"about":[{"href":"https:\/\/www.sval.fr\/index.php\/wp-json\/wp\/v2\/types\/page"}],"author":[{"embeddable":true,"href":"https:\/\/www.sval.fr\/index.php\/wp-json\/wp\/v2\/users\/1"}],"replies":[{"embeddable":true,"href":"https:\/\/www.sval.fr\/index.php\/wp-json\/wp\/v2\/comments?post=15"}],"version-history":[{"count":10,"href":"https:\/\/www.sval.fr\/index.php\/wp-json\/wp\/v2\/pages\/15\/revisions"}],"predecessor-version":[{"id":194,"href":"https:\/\/www.sval.fr\/index.php\/wp-json\/wp\/v2\/pages\/15\/revisions\/194"}],"wp:attachment":[{"href":"https:\/\/www.sval.fr\/index.php\/wp-json\/wp\/v2\/media?parent=15"}],"curies":[{"name":"wp","href":"https:\/\/api.w.org\/{rel}","templated":true}]}}