{"id":57,"date":"2021-12-05T14:33:56","date_gmt":"2021-12-05T13:33:56","guid":{"rendered":"http:\/\/wpjb.chamrai.fr\/?page_id=57"},"modified":"2022-04-03T22:01:56","modified_gmt":"2022-04-03T20:01:56","slug":"accueil-new","status":"publish","type":"page","link":"https:\/\/www.sval.fr\/","title":{"rendered":"Accueil new"},"content":{"rendered":"\n<div class=\"wp-container-10 wp-block-columns\">\n<div class=\"wp-container-9 wp-block-column\">\n<div class=\"wp-container-4 wp-block-columns has-nv-text-dark-bg-background-color has-background\">\n<div class=\"wp-container-2 wp-block-column is-vertically-aligned-center\">\n<p><\/p>\n\n\n\n<h1 class=\"has-text-align-right\" id=\"boostez-votre-chiffre-d-affaires-grace-a-une-visibilite-web-accrue\" style=\"font-size:2.8em\">Boostez votre chiffre d\u2019affaires gr\u00e2ce \u00e0 une visibilit\u00e9 web accrue !<\/h1>\n\n\n\n<h2 class=\"has-text-align-right\" id=\"un-mot-d-ordre-la-simplicite\">Un mot d&rsquo;ordre : la simplicit\u00e9<\/h2>\n\n\n\n<div class=\"wp-container-1 is-content-justification-right wp-block-buttons is-content-justification-right\">\n<div class=\"wp-block-button is-style-default\"><a class=\"wp-block-button__link has-neve-link-hover-color-background-color has-background\" href=\"https:\/\/www.sval.fr\/index.php\/contactez-nous\/\">Contactez-nous d\u00e8s maintenant !<\/a><\/div>\n<\/div>\n\n\n\n<p><\/p>\n<\/div>\n\n\n\n<div class=\"wp-container-3 wp-block-column\">\n<div class=\"wp-block-cover\"><img class=\"wp-block-cover__image-background wp-image-55\" alt=\"\" src=\"\/wp-content\/uploads\/2022\/02\/computer.png\" style=\"object-position:0% 48%\" data-object-fit=\"cover\" data-object-position=\"0% 48%\"><div class=\"wp-block-cover__inner-container\"><\/div><\/div>\n<\/div>\n<\/div>\n\n\n\n<div class=\"wp-container-8 wp-block-columns container\">\n<div class=\"wp-container-5 wp-block-column\">\n<figure class=\"wp-block-image size-large is-resized\"><img loading=\"lazy\" src=\"http:\/\/sval.fr\/wp-content\/uploads\/2022\/02\/market-research.png\" alt=\"\" class=\"wp-image-81\" width=\"215\" height=\"215\" srcset=\"https:\/\/www.sval.fr\/wp-content\/uploads\/2022\/02\/market-research.png 512w, https:\/\/www.sval.fr\/wp-content\/uploads\/2022\/02\/market-research-300x300.png 300w, https:\/\/www.sval.fr\/wp-content\/uploads\/2022\/02\/market-research-150x150.png 150w\" sizes=\"(max-width: 215px) 100vw, 215px\" \/><\/figure>\n\n\n\n<ul><li>Visibilit\u00e9<\/li><li>Mettez en avant votre restaurant<\/li><li>Attirez de nouveaux clients<\/li><li>Fid\u00e9lisez votre client\u00e8le actuelle<\/li><\/ul>\n<\/div>\n\n\n\n<div class=\"wp-container-6 wp-block-column\">\n<figure class=\"wp-block-image size-large is-resized\"><img loading=\"lazy\" src=\"http:\/\/sval.fr\/wp-content\/uploads\/2022\/02\/cash-on-delivery.png\" alt=\"\" class=\"wp-image-80\" width=\"218\" height=\"218\" srcset=\"https:\/\/www.sval.fr\/wp-content\/uploads\/2022\/02\/cash-on-delivery.png 512w, https:\/\/www.sval.fr\/wp-content\/uploads\/2022\/02\/cash-on-delivery-300x300.png 300w, https:\/\/www.sval.fr\/wp-content\/uploads\/2022\/02\/cash-on-delivery-150x150.png 150w\" sizes=\"(max-width: 218px) 100vw, 218px\" \/><\/figure>\n\n\n\n<ul><li>Formule par abonnement adapt\u00e9e \u00e0 vos besoins<\/li><li>Pr\u00e9servez votre tr\u00e9sorerie gr\u00e2ce \u00e0 un abonnement abordable, \u00e0 partir de 29 \u20ac HT \/ mois.<\/li><li>Pr\u00e9servez votre tr\u00e9sorerie<\/li><li>Plusieurs niveaux d&rsquo;engagement<\/li><\/ul>\n<\/div>\n\n\n\n<div class=\"wp-container-7 wp-block-column\">\n<figure class=\"wp-block-image size-large is-resized\"><img loading=\"lazy\" src=\"http:\/\/sval.fr\/wp-content\/uploads\/2022\/02\/mobile-shopping.png\" alt=\"\" class=\"wp-image-79\" width=\"216\" height=\"216\" srcset=\"https:\/\/www.sval.fr\/wp-content\/uploads\/2022\/02\/mobile-shopping.png 512w, https:\/\/www.sval.fr\/wp-content\/uploads\/2022\/02\/mobile-shopping-300x300.png 300w, https:\/\/www.sval.fr\/wp-content\/uploads\/2022\/02\/mobile-shopping-150x150.png 150w\" sizes=\"(max-width: 216px) 100vw, 216px\" \/><\/figure>\n\n\n\n<ul><li>Simplicit\u00e9<\/li><li>Nous cr\u00e9ons le site et l&rsquo;h\u00e9bergeons<\/li><li>Nous nous occupons de la mise \u00e0 jour du site<\/li><li>Vous pouvez vous concentrer sur votre c\u0153ur de m\u00e9tier<\/li><\/ul>\n<\/div>\n<\/div>\n\n\n\n<p><\/p>\n<\/div>\n<\/div>\n\n\n\n<div class=\"wp-container-13 wp-block-columns has-nv-text-dark-bg-background-color has-background\">\n<div class=\"wp-container-11 wp-block-column is-vertically-aligned-center\">\n<h2 class=\"has-text-align-center\" id=\"tarif-unique\" style=\"font-size:2.4em\">Tarif \u00e0 la carte !<\/h2>\n\n\n\n<p class=\"has-text-align-center has-text-color\" style=\"color:#e7a404;font-size:4em\">29\u20ac HT \/ mois<\/p>\n\n\n\n<p class=\"has-text-align-center\"><\/p>\n<\/div>\n\n\n\n<div class=\"wp-container-12 wp-block-column is-vertically-aligned-center\">\n<h3 id=\"tout-ce-dont-vous-avez-besoin-sans-superflu\" style=\"font-size:1.3em\">Tout ce dont vous avez besoin, sans superflu !<\/h3>\n\n\n\n<ul><li>Vos prestations avec la grille tarifaire ( vos services, votre menu, etc.  )<\/li><li>Vos coordonn\u00e9es de contact ( email, t\u00e9l\u00e9phone, etc. )<\/li><li>Les informations pratiques ( horaires d&rsquo;ouverture, adresse, etc. )<\/li><\/ul>\n\n\n\n<p><\/p>\n<\/div>\n<\/div>\n\n\n\n<div class=\"wp-container-22 wp-block-columns\">\n<div class=\"wp-container-21 wp-block-column is-vertically-aligned-center container\">\n<div class=\"wp-container-20 wp-block-columns\">\n<div class=\"wp-container-19 wp-block-column\">\n<div class=\"wp-container-18 wp-block-group\"><div class=\"wp-block-group__inner-container\">\n<h2 class=\"has-text-align-center\" id=\"temoignages-de-nos-clients\"><br>T\u00e9moignages de nos clients<\/h2>\n\n\n\n<div class=\"wp-container-17 wp-block-columns\">\n<div class=\"wp-container-14 wp-block-column\">\n<div class=\"wp-block-image\"><figure class=\"aligncenter is-resized\"><img loading=\"lazy\" src=\"\/wp-content\/themes\/neve\/assets\/img\/patterns\/otter-blocks-img-03.png\" alt=\"\" width=\"80\" height=\"80\"\/><\/figure><\/div>\n\n\n\n<p class=\"has-text-align-center\"><strong>Michel D<\/strong>.<\/p>\n\n\n\n<p class=\"has-text-align-center\"><em>\u00ab\u00a0Je suis satisfait du travail de l&rsquo;\u00e9quipe de SVAL qui a permis d&rsquo;augmenter mon nombre de clients.\u00a0\u00bb<\/em><\/p>\n<\/div>\n\n\n\n<div class=\"wp-container-15 wp-block-column\">\n<div class=\"wp-block-image\"><figure class=\"aligncenter is-resized\"><img loading=\"lazy\" src=\"\/wp-content\/themes\/neve\/assets\/img\/patterns\/otter-blocks-img-02.png\" alt=\"\" width=\"80\" height=\"80\"\/><\/figure><\/div>\n\n\n\n<p class=\"has-text-align-center\"><strong>Justine T<\/strong>.<\/p>\n\n\n\n<p class=\"has-text-align-center\"><em>\u00ab\u00a0Je n&rsquo;aurais pas pens\u00e9 qu&rsquo;un site internet pouvait faire une telle diff\u00e9rence! \u00ab\u00a0<\/em><\/p>\n<\/div>\n\n\n\n<div class=\"wp-container-16 wp-block-column\">\n<div class=\"wp-block-image\"><figure class=\"aligncenter is-resized\"><img loading=\"lazy\" src=\"\/wp-content\/themes\/neve\/assets\/img\/patterns\/otter-blocks-img-03.png\" alt=\"\" width=\"80\" height=\"80\"\/><\/figure><\/div>\n\n\n\n<p class=\"has-text-align-center\"><strong>Vincent M<\/strong>.<\/p>\n\n\n\n<p class=\"has-text-align-center\"><em>\u00ab\u00a0<em>La simplicit\u00e9 du site permet aux visiteurs de se concentrer sur notre menu et \u00e9vite qu&rsquo;ils<\/em> se perdent dans les informations inutiles! \u00ab\u00a0<\/em><\/p>\n<\/div>\n<\/div>\n<\/div><\/div>\n<\/div>\n<\/div>\n<\/div>\n<\/div>\n\n\n\n<div class=\"wp-block-cover\" style=\"min-height:250px\"><span aria-hidden=\"true\" class=\"has-neve-link-color-background-color has-background-dim-100 wp-block-cover__gradient-background has-background-dim\"><\/span><div class=\"wp-block-cover__inner-container\">\n<p class=\"has-text-align-center has-large-font-size\">Contactez-nous pour plus d&rsquo;informations :<\/p>\n\n\n\n<div class=\"wp-container-23 is-content-justification-center wp-block-buttons\">\n<div class=\"wp-block-button has-custom-width wp-block-button__width-50 has-custom-font-size has-medium-font-size\"><a class=\"wp-block-button__link has-neve-link-hover-color-background-color has-background\" href=\"https:\/\/www.sval.fr\/index.php\/contactez-nous\/\">Contactez-nous d\u00e8s maintenant !<\/a><\/div>\n<\/div>\n<\/div><\/div>\n","protected":false},"excerpt":{"rendered":"<p>Boostez votre chiffre d\u2019affaires gr\u00e2ce \u00e0 une visibilit\u00e9 web accrue ! Un mot d&rsquo;ordre : la simplicit\u00e9 Visibilit\u00e9 Mettez en avant votre restaurant Attirez de nouveaux clients Fid\u00e9lisez votre client\u00e8le actuelle Formule par abonnement adapt\u00e9e \u00e0 vos besoins Pr\u00e9servez votre tr\u00e9sorerie gr\u00e2ce \u00e0 un abonnement abordable, \u00e0 partir de 29 \u20ac HT \/ mois. Pr\u00e9servez&hellip;&nbsp;<a href=\"https:\/\/www.sval.fr\/\" class=\"\" rel=\"bookmark\">Lire la suite &raquo;<span class=\"screen-reader-text\">Accueil new<\/span><\/a><\/p>\n","protected":false},"author":1,"featured_media":0,"parent":0,"menu_order":0,"comment_status":"closed","ping_status":"closed","template":"page-templates\/template-pagebuilder-full-width.php","meta":{"neve_meta_sidebar":"default","neve_meta_container":"contained","neve_meta_enable_content_width":"","neve_meta_content_width":0,"neve_meta_title_alignment":"","neve_meta_author_avatar":"","neve_post_elements_order":"","neve_meta_disable_header":"","neve_meta_disable_footer":"","neve_meta_disable_title":""},"_links":{"self":[{"href":"https:\/\/www.sval.fr\/index.php\/wp-json\/wp\/v2\/pages\/57"}],"collection":[{"href":"https:\/\/www.sval.fr\/index.php\/wp-json\/wp\/v2\/pages"}],"about":[{"href":"https:\/\/www.sval.fr\/index.php\/wp-json\/wp\/v2\/types\/page"}],"author":[{"embeddable":true,"href":"https:\/\/www.sval.fr\/index.php\/wp-json\/wp\/v2\/users\/1"}],"replies":[{"embeddable":true,"href":"https:\/\/www.sval.fr\/index.php\/wp-json\/wp\/v2\/comments?post=57"}],"version-history":[{"count":16,"href":"https:\/\/www.sval.fr\/index.php\/wp-json\/wp\/v2\/pages\/57\/revisions"}],"predecessor-version":[{"id":199,"href":"https:\/\/www.sval.fr\/index.php\/wp-json\/wp\/v2\/pages\/57\/revisions\/199"}],"wp:attachment":[{"href":"https:\/\/www.sval.fr\/index.php\/wp-json\/wp\/v2\/media?parent=57"}],"curies":[{"name":"wp","href":"https:\/\/api.w.org\/{rel}","templated":true}]}}